{"id":40,"date":"2019-11-06T14:34:49","date_gmt":"2019-11-06T13:34:49","guid":{"rendered":"http:\/\/masseur-kinesitherapeute-amghar-maya.com\/?page_id=40"},"modified":"2021-07-26T19:27:27","modified_gmt":"2021-07-26T17:27:27","slug":"mentions-legales","status":"publish","type":"page","link":"https:\/\/masseur-kinesitherapeute-amghar-maya.com\/index.php\/mentions-legales\/","title":{"rendered":"Mentions l\u00e9gales"},"content":{"rendered":"\n<p><strong>Maya AMGHAR, Inscription au conseil de l\u2019ordre des Masseurs-Kin\u00e9sith\u00e9rapeutes du Loiret n\u00b0<\/strong><br><\/p>\n\n\n\n<h2>Confidentialit\u00e9<\/h2>\n\n\n\n<p>Les informations personnelles concernant les visiteurs de notre site, y compris leur identit\u00e9, sont confidentielles. Le responsable du site s\u2019engage sur l\u2019honneur \u00e0 respecter les conditions l\u00e9gales de confidentialit\u00e9 applicables en France et \u00e0 ne pas divulguer ces informations \u00e0 des tiers. Aucune donn\u00e9e des patients ou visiteurs n\u2019est stock\u00e9e sur le site web.<\/p>\n\n\n\n<h2>Publicit\u00e9<\/h2>\n\n\n\n<p>Ce site n\u2019affiche, ni ne re\u00e7oit de fonds publicitaires.<\/p>\n\n\n\n<h2>Mentions compl\u00e9mentaires<\/h2>\n\n\n\n<p>Situation vis \u00e0 vis de la convention: <strong>Conventionn\u00e9<\/strong>. <strong>Carte vitale accept\u00e9e<\/strong>. Aucun acte esth\u00e9tique n\u2019est rembours\u00e9 par la s\u00e9curit\u00e9 sociale. Les actes de kin\u00e9sith\u00e9rapie faisant l\u2019objet d\u2019une feuille de soins sont rembours\u00e9s au tarif conventionnel. . <\/p>\n\n\n\n<p>L\u2019information et le contenu du site sont \u00e0 destination du grand public et des patients. Ce site ne collecte pas d\u2019emails et ne pratique pas d\u2019envoi de courrier.<\/p>\n\n\n\n<p>Site \u00e9dit\u00e9 par:  AMGHAR Maya , Masseur Kin\u00e9sith\u00e9rapeute 17 r Henri Duvillard, 45000 ORLEANS <\/p>\n\n\n\n<p>Directeur de la publication: Maya AMGHAR<\/p>\n\n\n\n<p>H\u00e9bergement: OVH.fr . Si\u00e8ge social: 140 Quai du Sartel \u2013 59100 Roubaix. T\u00e9l\u00e9phone: +33 3 20 45 36 80.<\/p>\n\n\n\n<p>Derni\u00e8re mise \u00e0 jour: 06\/11\/2019.<br>Contenu du site r\u00e9dig\u00e9 par son auteur.<br>Site financ\u00e9 par son auteur.<\/p>\n\n\n\n<p>Aucune publicit\u00e9 n\u2019est admise sur le site.<\/p>\n\n\n\n<p><strong>RGPD<\/strong><\/p>\n\n\n\n<p>Le cabinet est amen\u00e9 \u00e0 recueillir et \u00e0 conserver dans un dossier, [ votre dossier patient ], des informations sur votre \u00e9tat de sant\u00e9.<\/p>\n\n\n\n<p><strong>Pourquoi votre kin\u00e9 tient-il un dossier sur vous ?<\/strong><\/p>\n\n\n\n<p>La tenue du dossier \u00ab patient \u00bb est obligatoire. Ce dossier a pour finalit\u00e9 d\u2019assurer votre suivi professionnel et de vous garantir la prise en charge la plus adapt\u00e9e \u00e0 votre \u00e9tat de sant\u00e9. Il garantit la continuit\u00e9 de la prise en charge sanitaire et r\u00e9pond \u00e0 l\u2019exigence de d\u00e9livrer des soins appropri\u00e9s.<\/p>\n\n\n\n<p><strong>Quelle est sa dur\u00e9e de conservation ?<\/strong><\/p>\n\n\n\n<p>Il est conserv\u00e9 en principe pendant 20 ans \u00e0 compter de la date de votre derni\u00e8re consultation, par r\u00e9f\u00e9rence aux dispositions de l\u2019article R. 1112-7 du code de la sant\u00e9 publique applicables aux \u00e9tablissements de sant\u00e9. Votre dossier est h\u00e9berg\u00e9 sur les serveurs du cabinet m\u00e9dical.<\/p>\n\n\n\n<p><strong>Quels sont les destinataires des informations figurant dans votre dossier ?<\/strong><\/p>\n\n\n\n<p>Seuls les praticiens du cabinet ont acc\u00e8s aux informations figurant dans votre dossier. Votre kin\u00e9, avec votre consentement, pourra \u00e9galement transmettre \u00e0 d\u2019autres professionnels de sant\u00e9 des informations concernant votre \u00e9tat de sant\u00e9 ou des soins en cours. Enfin, afin de permettre la facturation des actes qu\u2019il r\u00e9alise, votre kin\u00e9 est amen\u00e9 \u00e0 t\u00e9l\u00e9transmettre des feuilles de soins \u00e0 votre caisse de s\u00e9curit\u00e9 sociale.<\/p>\n\n\n\n<p><strong>Quels sont vos droits et comment les exercer ?<\/strong><\/p>\n\n\n\n<p>Vous pouvez acc\u00e9der aux informations figurant dans votre dossier. Vous disposez, par ailleurs, sous certaines conditions, d\u2019un droit de rectification, d\u2019effacement de ces informations, ou du droit de vous opposer ou de limiter leur utilisation. Pour toute question relative \u00e0 la protection de vos donn\u00e9es ou pour exercer vos droits, vous pouvez vous adresser directement \u00e0 votre m\u00e9decin. En cas de difficult\u00e9s, vous pouvez \u00e9galement saisir la Commission nationale de l\u2019informatique et des libert\u00e9s (CNIL) d\u2019une r\u00e9clamation. \u00bb Cette notice d\u2019information doit naturellement \u00eatre adapt\u00e9e \u00e0 votre situation particuli\u00e8re. Elle ne vise que la gestion des dossiers des patients. Si d\u2019autres traitements sont mis en place (ex : recherche, utilisation d\u2019une plateforme s\u00e9curis\u00e9e de gestion des rendez-vous), vous devrez r\u00e9aliser une information sp\u00e9cifique concernant ces traitements portant notamment sur la finalit\u00e9 de ces traitements, le fondement l\u00e9gal, la dur\u00e9e de conservation des donn\u00e9es.<\/p>\n","protected":false},"excerpt":{"rendered":"<p>Maya AMGHAR, Inscription au conseil de l\u2019ordre des Masseurs-Kin\u00e9sith\u00e9rapeutes du Loiret n\u00b0 Confidentialit\u00e9 Les informations personnelles concernant les visiteurs de notre site, y compris leur identit\u00e9, sont confidentielles. Le responsable du site s\u2019engage sur l\u2019honneur \u00e0 respecter les conditions l\u00e9gales de confidentialit\u00e9 applicables en France et \u00e0 ne pas divulguer ces informations \u00e0 des tiers.<\/p><\/div>\n<div class=\"blog-btn\"><a href=\"https:\/\/masseur-kinesitherapeute-amghar-maya.com\/index.php\/mentions-legales\/\" class=\"home-blog-btn\">Read More<\/a><\/p>\n","protected":false},"author":1,"featured_media":0,"parent":0,"menu_order":0,"comment_status":"closed","ping_status":"closed","template":"template\/template-page-full-width.php","meta":[],"_links":{"self":[{"href":"https:\/\/masseur-kinesitherapeute-amghar-maya.com\/index.php\/wp-json\/wp\/v2\/pages\/40"}],"collection":[{"href":"https:\/\/masseur-kinesitherapeute-amghar-maya.com\/index.php\/wp-json\/wp\/v2\/pages"}],"about":[{"href":"https:\/\/masseur-kinesitherapeute-amghar-maya.com\/index.php\/wp-json\/wp\/v2\/types\/page"}],"author":[{"embeddable":true,"href":"https:\/\/masseur-kinesitherapeute-amghar-maya.com\/index.php\/wp-json\/wp\/v2\/users\/1"}],"replies":[{"embeddable":true,"href":"https:\/\/masseur-kinesitherapeute-amghar-maya.com\/index.php\/wp-json\/wp\/v2\/comments?post=40"}],"version-history":[{"count":3,"href":"https:\/\/masseur-kinesitherapeute-amghar-maya.com\/index.php\/wp-json\/wp\/v2\/pages\/40\/revisions"}],"predecessor-version":[{"id":84,"href":"https:\/\/masseur-kinesitherapeute-amghar-maya.com\/index.php\/wp-json\/wp\/v2\/pages\/40\/revisions\/84"}],"wp:attachment":[{"href":"https:\/\/masseur-kinesitherapeute-amghar-maya.com\/index.php\/wp-json\/wp\/v2\/media?parent=40"}],"curies":[{"name":"wp","href":"https:\/\/api.w.org\/{rel}","templated":true}]}}