{"id":55,"date":"2019-11-07T19:20:45","date_gmt":"2019-11-07T18:20:45","guid":{"rendered":"http:\/\/masseur-kinesitherapeute-amghar-maya.com\/?page_id=55"},"modified":"2021-07-27T09:21:37","modified_gmt":"2021-07-27T07:21:37","slug":"localisation-adresse","status":"publish","type":"page","link":"https:\/\/masseur-kinesitherapeute-amghar-maya.com\/index.php\/localisation-adresse\/","title":{"rendered":"Localisation \/ Adresse"},"content":{"rendered":"\n<p>Le cabinet de kin\u00e9sith\u00e9rapie est situ\u00e9  au  17 r Henri Duvillard, 45000 ORLEANS\u00a0 . <\/p>\n\n\n\n<p><\/p>\n\n\n\n<p><\/p>\n\n\n\n<p>Le cabinet dispose d&#8217;un parking r\u00e9serv\u00e9.<\/p>\n\n<iframe src=\"https:\/\/www.google.com\/maps\/embed?pb=!1m18!1m12!1m3!1d1590.2109900117111!2d1.8857196839639248!3d47.90919199272366!2m3!1f0!2f0!3f0!3m2!1i1024!2i768!4f13.1!3m3!1m2!1s0x47e4facc4e4759f7%3A0x6eff1174ca4c4236!2s17%20Rue%20Henri%20Duvillard%2C%2045000%20Orl%C3%A9ans!5e0!3m2!1sfr!2sfr!4v1627370324066!5m2!1sfr!2sfr\" width=\"600\" height=\"450\" style=\"border:0;\" allowfullscreen=\"\" loading=\"lazy\"><\/iframe>\n","protected":false},"excerpt":{"rendered":"<p>Le cabinet de kin\u00e9sith\u00e9rapie est situ\u00e9 au 17 r Henri Duvillard, 45000 ORLEANS\u00a0 . Le cabinet dispose d&#8217;un parking r\u00e9serv\u00e9.<\/p>\n","protected":false},"author":1,"featured_media":0,"parent":0,"menu_order":0,"comment_status":"closed","ping_status":"closed","template":"template\/template-page-full-width.php","meta":[],"_links":{"self":[{"href":"https:\/\/masseur-kinesitherapeute-amghar-maya.com\/index.php\/wp-json\/wp\/v2\/pages\/55"}],"collection":[{"href":"https:\/\/masseur-kinesitherapeute-amghar-maya.com\/index.php\/wp-json\/wp\/v2\/pages"}],"about":[{"href":"https:\/\/masseur-kinesitherapeute-amghar-maya.com\/index.php\/wp-json\/wp\/v2\/types\/page"}],"author":[{"embeddable":true,"href":"https:\/\/masseur-kinesitherapeute-amghar-maya.com\/index.php\/wp-json\/wp\/v2\/users\/1"}],"replies":[{"embeddable":true,"href":"https:\/\/masseur-kinesitherapeute-amghar-maya.com\/index.php\/wp-json\/wp\/v2\/comments?post=55"}],"version-history":[{"count":8,"href":"https:\/\/masseur-kinesitherapeute-amghar-maya.com\/index.php\/wp-json\/wp\/v2\/pages\/55\/revisions"}],"predecessor-version":[{"id":86,"href":"https:\/\/masseur-kinesitherapeute-amghar-maya.com\/index.php\/wp-json\/wp\/v2\/pages\/55\/revisions\/86"}],"wp:attachment":[{"href":"https:\/\/masseur-kinesitherapeute-amghar-maya.com\/index.php\/wp-json\/wp\/v2\/media?parent=55"}],"curies":[{"name":"wp","href":"https:\/\/api.w.org\/{rel}","templated":true}]}}